{"id":145,"date":"2019-03-25T23:21:01","date_gmt":"2019-03-25T22:21:01","guid":{"rendered":"http:\/\/192.168.1.31\/?page_id=145"},"modified":"2023-08-09T00:10:25","modified_gmt":"2023-08-08T22:10:25","slug":"ubezpieczenia-online-2","status":"publish","type":"page","link":"https:\/\/e-bogmar.pl\/index.php\/ubezpieczenia-online-2\/","title":{"rendered":"Ubezpieczenia online"},"content":{"rendered":"\n<p style=\"font-size:21px\">Ubezpieczenia online to forma ubezpieczenia  szybka i wygodna.  Zakres polis jest taki sam, jak zawierany w plac\u00f3wce ubezpieczyciela.\u00a0 Zalet\u0105 polis online jest mo\u017cliwo\u015b\u0107 ich zakupu o dowolnej porze i dowolnym miejscu. Obecnie na stronie mamy dost\u0119pne ubezpieczenia: w podr\u00f3\u017cy, nnw dla dziecka<\/p>\n\n\n<p><\/p>\n\n\n<p style=\"font-size:32px\" class=\"has-text-color has-orange-color\"><strong>Travel &#8211; ubezpieczenie w podr\u00f3\u017cy:<\/strong><\/p>\n\n\n\n<p style=\"text-align:left\">     Wyjazd za granic\u0119 zaplanowany, walizki spakowane, jeszcze tylko dobre ubezpieczenie<br> i mo\u017cna rusza\u0107 w drog\u0119! Zach\u0119cam Pa\u0144stwa do wykorzystania poni\u017cszego kodu zni\u017ckowego,<br> kt\u00f3ry uprawnia do <strong>10% rabatu<\/strong> na zakup ubezpieczenia turystycznego.<\/p>\n\n\n\n<p>Co trzeba zrobi\u0107, by skorzysta\u0107 ze zni\u017cki?<br> \uf0a7 Wej\u015b\u0107 na stron\u0119 Warty: https:\/\/online.warta.pl<br> \uf0a7 Klikn\u0105\u0107 w ikonk\u0119 % w g\u00f3rnym rogu, a nast\u0119pnie wpisa\u0107 kod: &nbsp;<strong>bzym<\/strong><\/p>\n\n\n\n<p>Lub kliknij na link poni\u017cej, kt\u00f3ry uzupe\u0142ni kod za Ciebie:<\/p>\n\n\n\n<p style=\"font-size:19px\"><a href=\"https:\/\/wartadirect.pl\/travel\/index?p=9SYL\">https:\/\/wartadirect.pl\/travel\/index?p=bzym<\/a><\/p>\n\n\n\n<p class=\"has-text-color has-orange-color\"><\/p>\n\n\n\n<p><\/p>\n\n\n\n<p style=\"font-size:32px\" class=\"has-text-color has-orange-color\"><strong>NNW szkolne:<\/strong><\/p>\n\n\n\n<p>Kalkulator ubezpieczenia  NNW szkolne. Wybierz najlepszy wariant ubezpieczenia dla twojego dziecka nie wychodz\u0105c z domu:<\/p>\n\n\n\n<p><a href=\"https:\/\/www.uniqa.pl\/kalkulator\/ubezpieczenie-szkolne-nnw\/insurance?PartnerType=PA&amp;PartnerId1=338512&amp;PartnerId2=LP\">https:\/\/www.uniqa.pl\/kalkulator\/ubezpieczenie-szkolne-nnw\/insurance?PartnerType=PA&amp;PartnerId1=338512&amp;PartnerId2=LP<\/a><\/p>\n\n\n<p><!--EndFragment--><\/p>\n<p><\/p>","protected":false},"excerpt":{"rendered":"<p>Ubezpieczenia online to forma ubezpieczenia szybka i wygodna. Zakres polis jest taki sam, jak zawierany w plac\u00f3wce ubezpieczyciela.\u00a0 Zalet\u0105 polis online jest mo\u017cliwo\u015b\u0107 ich zakupu o dowolnej porze i dowolnym miejscu. Obecnie na stronie mamy dost\u0119pne ubezpieczenia: w podr\u00f3\u017cy, nnw dla dziecka Travel &#8211; ubezpieczenie w podr\u00f3\u017cy: Wyjazd za granic\u0119 zaplanowany, walizki spakowane, jeszcze tylko [&hellip;]<\/p>\n","protected":false},"author":1,"featured_media":149,"parent":0,"menu_order":0,"comment_status":"closed","ping_status":"closed","template":"","meta":{"footnotes":""},"_links":{"self":[{"href":"https:\/\/e-bogmar.pl\/index.php\/wp-json\/wp\/v2\/pages\/145"}],"collection":[{"href":"https:\/\/e-bogmar.pl\/index.php\/wp-json\/wp\/v2\/pages"}],"about":[{"href":"https:\/\/e-bogmar.pl\/index.php\/wp-json\/wp\/v2\/types\/page"}],"author":[{"embeddable":true,"href":"https:\/\/e-bogmar.pl\/index.php\/wp-json\/wp\/v2\/users\/1"}],"replies":[{"embeddable":true,"href":"https:\/\/e-bogmar.pl\/index.php\/wp-json\/wp\/v2\/comments?post=145"}],"version-history":[{"count":14,"href":"https:\/\/e-bogmar.pl\/index.php\/wp-json\/wp\/v2\/pages\/145\/revisions"}],"predecessor-version":[{"id":349,"href":"https:\/\/e-bogmar.pl\/index.php\/wp-json\/wp\/v2\/pages\/145\/revisions\/349"}],"wp:featuredmedia":[{"embeddable":true,"href":"https:\/\/e-bogmar.pl\/index.php\/wp-json\/wp\/v2\/media\/149"}],"wp:attachment":[{"href":"https:\/\/e-bogmar.pl\/index.php\/wp-json\/wp\/v2\/media?parent=145"}],"curies":[{"name":"wp","href":"https:\/\/api.w.org\/{rel}","templated":true}]}}