{"id":164,"date":"2019-03-25T23:43:01","date_gmt":"2019-03-25T22:43:01","guid":{"rendered":"http:\/\/192.168.1.31\/?page_id=164"},"modified":"2023-08-09T00:13:51","modified_gmt":"2023-08-08T22:13:51","slug":"nasze-uslugi","status":"publish","type":"page","link":"https:\/\/e-bogmar.pl\/index.php\/nasze-uslugi\/","title":{"rendered":"Nasze us\u0142ugi"},"content":{"rendered":"\n<p style=\"text-align:left\">\u015awiadczymy szeroki zakres us\u0142ug  ubezpieczeniowych. W\u015br\u00f3d nich mo\u017cna wymieni\u0107 najpopularniejsze m.in. ubezpieczenia maj\u0105tkowe (np. ubezpieczenie domu, mieszkania, samochodu), ubezpieczenia na \u017cycie (np. ubezpieczenie na wypadek \u015bmierci lub choroby), ubezpieczenia zdrowotne (np. ubezpieczenie koszt\u00f3w leczenia), ubezpieczenia turystyczne (np. <a rel=\"noreferrer noopener\" href=\"https:\/\/poradnikprzedsiebiorcy.pl\/-kasa-fiskalna-przy-uslugach-ubezpieczeniowych-i-finansowych-czy-jest-obowiazkowa\" target=\"_blank\">ubezpieczenie na wypadek choroby lub wypadku podczas podr\u00f3\u017cy), ubezpieczenia OC i AC (odpowiedzialno\u015bci cywilnej i autocasco).<\/a><\/p>\n\n\n\n<p>Dzia\u0142amy na rzecz ubezpieczyciela i zajmujemy si\u0119 sprzeda\u017c\u0105 polis ubezpieczeniowych. Pomo\u017cemy Ci w wyborze odpowiedniego ubezpieczenia oraz wype\u0142nimy za Ciebie wi\u0119kszo\u015b\u0107 dokumentacji.<\/p>\n\n\n\n<p>Przejd\u017a do zak\u0142adki kontakt, aby si\u0119 z nami skontaktowa\u0107 <a href=\"https:\/\/e-bogmar.pl\/index.php\/kontakt\/\">KONTAKT<\/a><\/p>\n\n\n\n<p><\/p>\n\n\n\n<figure class=\"wp-block-image\"><img decoding=\"async\" loading=\"lazy\" width=\"1024\" height=\"327\" src=\"https:\/\/e-bogmar.pl\/wp-content\/uploads\/2019\/12\/20191229_firmy_ubezpieczeniowe-1024x327.png\" alt=\"\" class=\"wp-image-306\" srcset=\"https:\/\/e-bogmar.pl\/wp-content\/uploads\/2019\/12\/20191229_firmy_ubezpieczeniowe-1024x327.png 1024w, https:\/\/e-bogmar.pl\/wp-content\/uploads\/2019\/12\/20191229_firmy_ubezpieczeniowe-300x96.png 300w, https:\/\/e-bogmar.pl\/wp-content\/uploads\/2019\/12\/20191229_firmy_ubezpieczeniowe-768x245.png 768w\" sizes=\"(max-width: 1024px) 100vw, 1024px\" \/><\/figure>\n","protected":false},"excerpt":{"rendered":"<p>\u015awiadczymy szeroki zakres us\u0142ug ubezpieczeniowych. W\u015br\u00f3d nich mo\u017cna wymieni\u0107 najpopularniejsze m.in. ubezpieczenia maj\u0105tkowe (np. ubezpieczenie domu, mieszkania, samochodu), ubezpieczenia na \u017cycie (np. ubezpieczenie na wypadek \u015bmierci lub choroby), ubezpieczenia zdrowotne (np. ubezpieczenie koszt\u00f3w leczenia), ubezpieczenia turystyczne (np. ubezpieczenie na wypadek choroby lub wypadku podczas podr\u00f3\u017cy), ubezpieczenia OC i AC (odpowiedzialno\u015bci cywilnej i autocasco). Dzia\u0142amy na [&hellip;]<\/p>\n","protected":false},"author":1,"featured_media":0,"parent":0,"menu_order":0,"comment_status":"closed","ping_status":"closed","template":"","meta":{"footnotes":""},"_links":{"self":[{"href":"https:\/\/e-bogmar.pl\/index.php\/wp-json\/wp\/v2\/pages\/164"}],"collection":[{"href":"https:\/\/e-bogmar.pl\/index.php\/wp-json\/wp\/v2\/pages"}],"about":[{"href":"https:\/\/e-bogmar.pl\/index.php\/wp-json\/wp\/v2\/types\/page"}],"author":[{"embeddable":true,"href":"https:\/\/e-bogmar.pl\/index.php\/wp-json\/wp\/v2\/users\/1"}],"replies":[{"embeddable":true,"href":"https:\/\/e-bogmar.pl\/index.php\/wp-json\/wp\/v2\/comments?post=164"}],"version-history":[{"count":10,"href":"https:\/\/e-bogmar.pl\/index.php\/wp-json\/wp\/v2\/pages\/164\/revisions"}],"predecessor-version":[{"id":351,"href":"https:\/\/e-bogmar.pl\/index.php\/wp-json\/wp\/v2\/pages\/164\/revisions\/351"}],"wp:attachment":[{"href":"https:\/\/e-bogmar.pl\/index.php\/wp-json\/wp\/v2\/media?parent=164"}],"curies":[{"name":"wp","href":"https:\/\/api.w.org\/{rel}","templated":true}]}}