{"id":217,"date":"2019-03-26T22:52:17","date_gmt":"2019-03-26T21:52:17","guid":{"rendered":"http:\/\/192.168.1.31\/?page_id=217"},"modified":"2023-08-09T19:59:41","modified_gmt":"2023-08-09T17:59:41","slug":"kim-jestesmy","status":"publish","type":"page","link":"https:\/\/e-bogmar.pl\/index.php\/kim-jestesmy\/","title":{"rendered":"Kim jeste\u015bmy"},"content":{"rendered":"\n<h2 class=\"wp-block-heading\" style=\"font-size:38px;line-height:1.4\"><strong>Kim jeste\u015bmy<\/strong><\/h2>\n\n\n\n<div class=\"wp-block-columns is-layout-flex wp-container-3 wp-block-columns-is-layout-flex\">\n<div class=\"wp-block-column is-layout-flow wp-block-column-is-layout-flow\">\n<p style=\"font-size:18px\"><em>Nasz firma istnieje na rynku od 1992 roku. Zapewniamy szeroki zakres ubezpiecze\u0144 zar\u00f3wno dla klient\u00f3w indywidualnych jak r\u00f3wnie\u017c dla firm. Oferujemy ca\u0142\u0105 gam\u0119 produkt\u00f3w ubezpieczeniowych z kt\u00f3rych mo\u017cecie Pa\u0144stwo skorzysta\u0107.\u00a0 Naszym celem jest profesjonalne podej\u015bcie do ka\u017cdego klienta oraz jego satysfakcja.<\/em><\/p>\n<\/div>\n\n\n\n<div class=\"wp-block-column is-layout-flow wp-block-column-is-layout-flow\">\n<p style=\"font-size:18px\">Pe\u0142ne dane na temat naszej firmy znajdziesz w Centralnej Ewidencji i Informacji o Dzia\u0142alno\u015bci<br>Gospodarczej Rzeczypospolitej Polskiej pod adresem <a href=\"https:\/\/aplikacja.ceidg.gov.pl\/\">https:\/\/aplikacja.ceidg.gov.pl\/<\/a><\/p>\n\n\n\n<p style=\"font-size:18px\"> <\/p>\n<\/div>\n<\/div>\n\n\n\n<hr class=\"wp-block-separator has-css-opacity is-style-default\"\/>\n\n\n<div class=\"wp-block-image\">\n<figure class=\"aligncenter size-full\"><img decoding=\"async\" loading=\"lazy\" width=\"372\" height=\"74\" src=\"https:\/\/e-bogmar.pl\/wp-content\/uploads\/2023\/08\/image.png\" alt=\"\" class=\"wp-image-382\" srcset=\"https:\/\/e-bogmar.pl\/wp-content\/uploads\/2023\/08\/image.png 372w, https:\/\/e-bogmar.pl\/wp-content\/uploads\/2023\/08\/image-300x60.png 300w\" sizes=\"(max-width: 372px) 100vw, 372px\" \/><\/figure><\/div>\n\n\n<blockquote class=\"wp-block-quote is-style-large\"><cite>\u2014 U\u017cytkownik Google<\/cite><\/blockquote>\n\n\n\n<hr class=\"wp-block-separator has-css-opacity is-style-default\"\/>\n","protected":false},"excerpt":{"rendered":"<p>Kim jeste\u015bmy Nasz firma istnieje na rynku od 1992 roku. Zapewniamy szeroki zakres ubezpiecze\u0144 zar\u00f3wno dla klient\u00f3w indywidualnych jak r\u00f3wnie\u017c dla firm. Oferujemy ca\u0142\u0105 gam\u0119 produkt\u00f3w ubezpieczeniowych z kt\u00f3rych mo\u017cecie Pa\u0144stwo skorzysta\u0107.\u00a0 Naszym celem jest profesjonalne podej\u015bcie do ka\u017cdego klienta oraz jego satysfakcja. Pe\u0142ne dane na temat naszej firmy znajdziesz w Centralnej Ewidencji i Informacji [&hellip;]<\/p>\n","protected":false},"author":1,"featured_media":221,"parent":0,"menu_order":0,"comment_status":"closed","ping_status":"closed","template":"","meta":{"footnotes":""},"_links":{"self":[{"href":"https:\/\/e-bogmar.pl\/index.php\/wp-json\/wp\/v2\/pages\/217"}],"collection":[{"href":"https:\/\/e-bogmar.pl\/index.php\/wp-json\/wp\/v2\/pages"}],"about":[{"href":"https:\/\/e-bogmar.pl\/index.php\/wp-json\/wp\/v2\/types\/page"}],"author":[{"embeddable":true,"href":"https:\/\/e-bogmar.pl\/index.php\/wp-json\/wp\/v2\/users\/1"}],"replies":[{"embeddable":true,"href":"https:\/\/e-bogmar.pl\/index.php\/wp-json\/wp\/v2\/comments?post=217"}],"version-history":[{"count":4,"href":"https:\/\/e-bogmar.pl\/index.php\/wp-json\/wp\/v2\/pages\/217\/revisions"}],"predecessor-version":[{"id":384,"href":"https:\/\/e-bogmar.pl\/index.php\/wp-json\/wp\/v2\/pages\/217\/revisions\/384"}],"wp:featuredmedia":[{"embeddable":true,"href":"https:\/\/e-bogmar.pl\/index.php\/wp-json\/wp\/v2\/media\/221"}],"wp:attachment":[{"href":"https:\/\/e-bogmar.pl\/index.php\/wp-json\/wp\/v2\/media?parent=217"}],"curies":[{"name":"wp","href":"https:\/\/api.w.org\/{rel}","templated":true}]}}